{"id":247,"date":"2025-03-12T09:16:04","date_gmt":"2025-03-12T08:16:04","guid":{"rendered":"https:\/\/www.tri-club-narbonne.fr\/?page_id=247"},"modified":"2026-03-11T11:23:02","modified_gmt":"2026-03-11T10:23:02","slug":"boutique-du-club","status":"publish","type":"page","link":"https:\/\/www.tri-club-narbonne.fr\/index.php\/boutique-du-club\/","title":{"rendered":"BOUTIQUE DU CLUB"},"content":{"rendered":"\n<p><br>Dans un \u00e9lan de coquetterie vous souhaitez vous parer d&#8217;orange et noir ?<\/p>\n\n\n\n<p>Bienvenue sur la boutique du TCN !<\/p>\n\n\n\n<p><\/p>\n\n\n\n<p>Avant le paiement, HelloAsso va &#8220;gonfler&#8221; votre commande d&#8217;un don de quelques \u20acuros ; pas de panique. Vous pouvez annuler  ce don en cliquant sur &#8220;Modifier ma contribution&#8221; et la mettre \u00e0 0\u20ac.<\/p>\n\n\n\n<p><\/p>\n\n\n\n<p>Veuillez noter que votre commande n&#8217;est pas trait\u00e9e imm\u00e9diatement :&nbsp;Toutes les commandes sont rassembl\u00e9es puis exp\u00e9di\u00e9es ensembles par Campagnes. Pour savoir quand se termine la campagne en cours, rapprochez-vous du responsable des Tenues.<br><\/p>\n\n\n\n<p>Afin de vous aider \u00e0 faire votre choix, vous pouvez vous r\u00e9f\u00e9rer au <a href=\"https:\/\/www.poli.fr\/img\/cms\/Elementor\/Document\/GUIDE_DES_TAILLES_SEPT_2024.pdf\" target=\"_blank\" rel=\"noreferrer noopener\">Guide des tailles Poli<\/a>.<br><\/p>\n\n\n\n<iframe id=\"haWidget\" allowtransparency=\"true\" src=\"https:\/\/www.helloasso.com\/associations\/triathlete-club-narbonnais\/boutiques\/tenues-sport-du-tcn-campagne-mars-26\/widget\" style=\"width: 100%; border: none;\" onload=\"window.addEventListener( 'message', function(e) { const dataHeight = e.data.height; const haWidgetElement = document.getElementById('haWidget'); haWidgetElement.height = dataHeight + 'px'; } )\" ><\/iframe>\n\n<script>\n  window.addEventListener(\"message\", (e) => {\n    if (e.data && e.data.height) {\n      const haWidgetElement = document.getElementById(\"haWidget\");\n      haWidgetElement.style.height = e.data.height + \"px\";\n    }\n  });\n<\/script>\n\n\n\n<p><\/p>\n","protected":false},"excerpt":{"rendered":"<p>Dans un \u00e9lan de coquetterie vous souhaitez vous parer d&#8217;orange et noir ? Bienvenue sur la boutique du TCN ! Avant le paiement, HelloAsso va &#8220;gonfler&#8221; votre commande d&#8217;un don de quelques \u20acuros ; pas de panique. Vous pouvez annuler ce don en cliquant sur &#8220;Modifier ma contribution&#8221; et la mettre \u00e0 0\u20ac. Veuillez noter [&hellip;]<\/p>\n","protected":false},"author":1,"featured_media":0,"parent":0,"menu_order":0,"comment_status":"closed","ping_status":"closed","template":"","meta":{"footnotes":""},"class_list":["post-247","page","type-page","status-publish","hentry"],"_links":{"self":[{"href":"https:\/\/www.tri-club-narbonne.fr\/index.php\/wp-json\/wp\/v2\/pages\/247","targetHints":{"allow":["GET"]}}],"collection":[{"href":"https:\/\/www.tri-club-narbonne.fr\/index.php\/wp-json\/wp\/v2\/pages"}],"about":[{"href":"https:\/\/www.tri-club-narbonne.fr\/index.php\/wp-json\/wp\/v2\/types\/page"}],"author":[{"embeddable":true,"href":"https:\/\/www.tri-club-narbonne.fr\/index.php\/wp-json\/wp\/v2\/users\/1"}],"replies":[{"embeddable":true,"href":"https:\/\/www.tri-club-narbonne.fr\/index.php\/wp-json\/wp\/v2\/comments?post=247"}],"version-history":[{"count":6,"href":"https:\/\/www.tri-club-narbonne.fr\/index.php\/wp-json\/wp\/v2\/pages\/247\/revisions"}],"predecessor-version":[{"id":512,"href":"https:\/\/www.tri-club-narbonne.fr\/index.php\/wp-json\/wp\/v2\/pages\/247\/revisions\/512"}],"wp:attachment":[{"href":"https:\/\/www.tri-club-narbonne.fr\/index.php\/wp-json\/wp\/v2\/media?parent=247"}],"curies":[{"name":"wp","href":"https:\/\/api.w.org\/{rel}","templated":true}]}}