{"id":29,"date":"2022-08-21T09:27:25","date_gmt":"2022-08-21T07:27:25","guid":{"rendered":"http:\/\/www.tri-club-narbonne.fr\/?page_id=29"},"modified":"2025-11-13T08:47:30","modified_gmt":"2025-11-13T07:47:30","slug":"les-entrainements","status":"publish","type":"page","link":"https:\/\/www.tri-club-narbonne.fr\/index.php\/les-entrainements\/","title":{"rendered":"LES ENTRA\u00ceNEMENTS"},"content":{"rendered":"\n<p><\/p>\n\n\n\n<h2 class=\"wp-block-heading\"><strong>Planning des entra\u00eenements<\/strong><\/h2>\n\n\n\n<figure class=\"wp-block-image size-large\"><img loading=\"lazy\" decoding=\"async\" width=\"1024\" height=\"413\" src=\"https:\/\/www.tri-club-narbonne.fr\/wp-content\/uploads\/2025\/11\/image-1-1024x413.png\" alt=\"\" class=\"wp-image-501\" srcset=\"https:\/\/www.tri-club-narbonne.fr\/wp-content\/uploads\/2025\/11\/image-1-1024x413.png 1024w, https:\/\/www.tri-club-narbonne.fr\/wp-content\/uploads\/2025\/11\/image-1-300x121.png 300w, https:\/\/www.tri-club-narbonne.fr\/wp-content\/uploads\/2025\/11\/image-1-768x310.png 768w, https:\/\/www.tri-club-narbonne.fr\/wp-content\/uploads\/2025\/11\/image-1.png 1157w\" sizes=\"auto, (max-width: 1024px) 100vw, 1024px\" \/><\/figure>\n\n\n\n<p>* Etant donn\u00e9 la contrainte logistique de n&#8217;avoir qu&#8217;une seule ligne, les cours de natation du lundi soir 19h-20h seront orient\u00e9s &#8220;Soutien&#8221; et &#8220;Progression&#8221; en natation.<br>Les cartes piscines fonctionnant pour tout le monde, tous les adh\u00e9rents pourront venir nager sur ce cr\u00e9neau, mais aucune ligne ne sera r\u00e9serv\u00e9e.  La s\u00e9ance sera sur Nolio.<br><br>** Le jeudi soir est r\u00e9serv\u00e9 \u00e0 l&#8217;\u00e9cole de triathlon. <br>N\u00e9anmoins, les cartes piscines fonctionnant pour tout le monde, tous les adh\u00e9rents pourront venir nagersur ce cr\u00e9neau, mais aucune ligne ne sera r\u00e9serv\u00e9e. La s\u00e9ance sera sur Nolio.<\/p>\n\n\n\n<p><\/p>\n\n\n\n<p>*** Les sorties v\u00e9lo ne sont pas encadr\u00e9es, les horaires peuvent varier, pour conna\u00eetre les horaires, parcours et groupes de niveau, merci de rejoindre le groupe VELO TCN sur Whatsapp. <br><br><br><\/p>\n\n\n\n<h2 class=\"wp-block-heading\"><strong>Lieux d&#8217;entra\u00eenements<\/strong><\/h2>\n\n\n\n<p><strong>Natation : <\/strong><br><em>Pendant la saison scolaire : <\/em><\/p>\n\n\n\n<p>Espace de Libert\u00e9, 11100 NARBONNE<br><a href=\"https:\/\/maps.app.goo.gl\/wgKsVxpuXwstSjsm8\">https:\/\/maps.app.goo.gl\/wgKsVxpuXwstSjsm8<\/a><\/p>\n\n\n\n<p><br><em>L&#8217;\u00e9t\u00e9 : <\/em><br>Place des Karantes, 11100 NARBONNE PLAGE<br><a href=\"https:\/\/maps.app.goo.gl\/v94fmqPLUYMGNxZV9\">https:\/\/maps.app.goo.gl\/v94fmqPLUYMGNxZV9<\/a><br><br><\/p>\n\n\n\n<p><strong>Course \u00e0 Pied: <\/strong><br>Parc des sports et l&#8217;amiti\u00e9, Avenue Jean ANTAGNAC<\/p>\n\n\n\n<p>11100 NARBONNE<\/p>\n\n\n\n<p>Entr\u00e9e c\u00f4t\u00e9 &#8220;parking des panneaux solaires&#8221;.<\/p>\n\n\n\n<p><a href=\"https:\/\/maps.app.goo.gl\/pnnZ4buzSimgtTTNA\">https:\/\/maps.app.goo.gl\/pnnZ4buzSimgtTTNA<\/a><\/p>\n\n\n\n<p><br><br><strong>V\u00e9lo : <\/strong><\/p>\n\n\n\n<p>RDV Parking de l&#8217;Espace de Libert\u00e9, 11100 NARBONNE<br><a href=\"https:\/\/maps.app.goo.gl\/wgKsVxpuXwstSjsm8\">https:\/\/maps.app.goo.gl\/wgKsVxpuXwstSjsm8<\/a><\/p>\n\n\n\n<p><\/p>\n\n\n\n<p><\/p>\n\n\n\n<h2 class=\"wp-block-heading\"><strong>N\u00f6li\u00f6<\/strong><\/h2>\n\n\n\n<p>Notre club souscrit \u00e0 une plateforme qui recense toutes les s\u00e9ances du club et vous permet de suivre les entra\u00eenements du club m\u00eame si vous n&#8217;y participez pas. <br>Pour rejoindre Nolio, cliquez sur ce lien : <\/p>\n\n\n\n<p><a href=\"https:\/\/www.nolio.io\/team\/join\/athletes\/group\/486c20e7-d8ef-47d2-b19a-23deb9967ba2\">https:\/\/www.nolio.io\/team\/join\/athletes\/group\/486c20e7-d8ef-47d2-b19a-23deb9967ba2<\/a><\/p>\n","protected":false},"excerpt":{"rendered":"<p>Planning des entra\u00eenements * Etant donn\u00e9 la contrainte logistique de n&#8217;avoir qu&#8217;une seule ligne, les cours de natation du lundi soir 19h-20h seront orient\u00e9s &#8220;Soutien&#8221; et &#8220;Progression&#8221; en natation.Les cartes piscines fonctionnant pour tout le monde, tous les adh\u00e9rents pourront venir nager sur ce cr\u00e9neau, mais aucune ligne ne sera r\u00e9serv\u00e9e. La s\u00e9ance sera sur [&hellip;]<\/p>\n","protected":false},"author":1,"featured_media":0,"parent":0,"menu_order":0,"comment_status":"closed","ping_status":"closed","template":"","meta":{"footnotes":""},"class_list":["post-29","page","type-page","status-publish","hentry"],"_links":{"self":[{"href":"https:\/\/www.tri-club-narbonne.fr\/index.php\/wp-json\/wp\/v2\/pages\/29","targetHints":{"allow":["GET"]}}],"collection":[{"href":"https:\/\/www.tri-club-narbonne.fr\/index.php\/wp-json\/wp\/v2\/pages"}],"about":[{"href":"https:\/\/www.tri-club-narbonne.fr\/index.php\/wp-json\/wp\/v2\/types\/page"}],"author":[{"embeddable":true,"href":"https:\/\/www.tri-club-narbonne.fr\/index.php\/wp-json\/wp\/v2\/users\/1"}],"replies":[{"embeddable":true,"href":"https:\/\/www.tri-club-narbonne.fr\/index.php\/wp-json\/wp\/v2\/comments?post=29"}],"version-history":[{"count":23,"href":"https:\/\/www.tri-club-narbonne.fr\/index.php\/wp-json\/wp\/v2\/pages\/29\/revisions"}],"predecessor-version":[{"id":506,"href":"https:\/\/www.tri-club-narbonne.fr\/index.php\/wp-json\/wp\/v2\/pages\/29\/revisions\/506"}],"wp:attachment":[{"href":"https:\/\/www.tri-club-narbonne.fr\/index.php\/wp-json\/wp\/v2\/media?parent=29"}],"curies":[{"name":"wp","href":"https:\/\/api.w.org\/{rel}","templated":true}]}}