{"id":31,"date":"2022-08-21T09:31:33","date_gmt":"2022-08-21T07:31:33","guid":{"rendered":"http:\/\/www.tri-club-narbonne.fr\/?page_id=31"},"modified":"2025-10-18T18:04:34","modified_gmt":"2025-10-18T16:04:34","slug":"inscriptions","status":"publish","type":"page","link":"https:\/\/www.tri-club-narbonne.fr\/index.php\/inscriptions\/","title":{"rendered":"INSCRIPTIONS"},"content":{"rendered":"\n<p>Bienvenue au TCN ! <br>Vous avez fait votre essai et vous souhaitez rejoindre notre famille ? C&#8217;est par ici que \u00e7a se passe ! <br><br>Pour que votre inscription soit valide, vous devez d&#8217;abord faire une demande de licence sur le site de la fftri \u00e0 ce lien :\u00a0<a href=\"https:\/\/espacetri.fftri.com\/\">https:\/\/espacetri.fftri.com\/<\/a><br><br><\/p>\n\n\n\n<p>Vous devrez ensuite t\u00e9l\u00e9charger le document et l&#8217;ajouter \u00e0 l&#8217;\u00e9tape suivante.<br>Si vous avez des questions merci de nous contacter directement au mail suivant : <a>triclubnarbonne@gmail.com<\/a>.<br>Avant le paiement, HelloAsso va rajouter quelques \u20ac au prix de l&#8217;adh\u00e9sion.<br>Vous pouvez les retirer en cliquant sur \u201cmodifier ma contribution\u201d et mettre celle-ci \u00e0 0\u20ac.&nbsp;<\/p>\n\n\n\n<p><\/p>\n\n\n\n<p>Si vous \u00eates titulaires d&#8217;un pass&#8217;sport ou que vous venez d&#8217;un club partenaire, prenez-contact directement avec nous \u00e0 triclubnarbonne@gmail.com pour obtenir un code de remise applicable \u00e0 votre inscription.<br><br>!! En attendant que le formulaire soit de nouveau fonctionnel, merci d&#8217;utiliser ce lien pour vos inscriptions !!<br><\/p>\n\n\n\n<iframe id=\"haWidget\" allowtransparency=\"true\" src=\"https:\/\/www.helloasso.com\/associations\/triathlete-club-narbonnais\/adhesions\/adhesion-au-tcn-saison-2025-2026\/widget-bouton\" style=\"width: 100%; height: 70px; border: none;\" onload=\"window.addEventListener( 'message', function(e) { const dataHeight = e.data.height; const haWidgetElement = document.getElementById('haWidget'); haWidgetElement.height = dataHeight + 'px'; } )\" ><\/iframe>\n\n\n\n<div style=\"height:912px\" aria-hidden=\"true\" class=\"wp-block-spacer\"><\/div>\n\n\n\n<p>Ne plus utiliser jusqu&#8217;\u00e0 nouvel ordre<\/p>\n\n\n\n<iframe id=\"haWidget\"\n  allowtransparency=\"true\"\n  src=\"https:\/\/www.helloasso.com\/associations\/triathlete-club-narbonnais\/adhesions\/adhesion-au-tcn-saison-2025-2026\/widget\"\n  style=\"width: 100%; height: 800px; border: none;\">\n<\/iframe>\n\n<script>\n  window.addEventListener(\"message\", function(e) {\n    if (e.data && e.data.height) {\n      document.getElementById(\"haWidget\").style.height = e.data.height + \"px\";\n    }\n  });\n<\/script>\n\n\n\n<p>Merci !<\/p>\n\n\n\n<p><\/p>\n\n\n\n<p><\/p>\n\n\n\n<p><\/p>\n\n\n\n<p><\/p>\n","protected":false},"excerpt":{"rendered":"<p>Bienvenue au TCN ! Vous avez fait votre essai et vous souhaitez rejoindre notre famille ? C&#8217;est par ici que \u00e7a se passe ! Pour que votre inscription soit valide, vous devez d&#8217;abord faire une demande de licence sur le site de la fftri \u00e0 ce lien :\u00a0https:\/\/espacetri.fftri.com\/ Vous devrez ensuite t\u00e9l\u00e9charger le document et [&hellip;]<\/p>\n","protected":false},"author":1,"featured_media":0,"parent":0,"menu_order":0,"comment_status":"closed","ping_status":"closed","template":"","meta":{"footnotes":""},"class_list":["post-31","page","type-page","status-publish","hentry"],"_links":{"self":[{"href":"https:\/\/www.tri-club-narbonne.fr\/index.php\/wp-json\/wp\/v2\/pages\/31","targetHints":{"allow":["GET"]}}],"collection":[{"href":"https:\/\/www.tri-club-narbonne.fr\/index.php\/wp-json\/wp\/v2\/pages"}],"about":[{"href":"https:\/\/www.tri-club-narbonne.fr\/index.php\/wp-json\/wp\/v2\/types\/page"}],"author":[{"embeddable":true,"href":"https:\/\/www.tri-club-narbonne.fr\/index.php\/wp-json\/wp\/v2\/users\/1"}],"replies":[{"embeddable":true,"href":"https:\/\/www.tri-club-narbonne.fr\/index.php\/wp-json\/wp\/v2\/comments?post=31"}],"version-history":[{"count":28,"href":"https:\/\/www.tri-club-narbonne.fr\/index.php\/wp-json\/wp\/v2\/pages\/31\/revisions"}],"predecessor-version":[{"id":454,"href":"https:\/\/www.tri-club-narbonne.fr\/index.php\/wp-json\/wp\/v2\/pages\/31\/revisions\/454"}],"wp:attachment":[{"href":"https:\/\/www.tri-club-narbonne.fr\/index.php\/wp-json\/wp\/v2\/media?parent=31"}],"curies":[{"name":"wp","href":"https:\/\/api.w.org\/{rel}","templated":true}]}}