{"id":33,"date":"2022-08-21T09:32:15","date_gmt":"2022-08-21T07:32:15","guid":{"rendered":"http:\/\/www.tri-club-narbonne.fr\/?page_id=33"},"modified":"2025-03-18T18:52:33","modified_gmt":"2025-03-18T17:52:33","slug":"nos-partenaires","status":"publish","type":"page","link":"https:\/\/www.tri-club-narbonne.fr\/index.php\/nos-partenaires\/","title":{"rendered":"NOS PARTENAIRES"},"content":{"rendered":"\n<div class=\"wp-block-file\"><a id=\"wp-block-file--media-5923aba6-88bb-46ef-a6a3-cf4a373c370c\" href=\"https:\/\/www.tri-club-narbonne.fr\/wp-content\/uploads\/2025\/03\/Devenez-sponsor-du-TCN-lannee-de-ses-40-ans-13.pdf\" target=\"_blank\" rel=\"noreferrer noopener\"><strong>DEVENIR PARTENAIRE <\/strong><\/a><a href=\"https:\/\/www.tri-club-narbonne.fr\/wp-content\/uploads\/2025\/03\/Devenez-sponsor-du-TCN-lannee-de-ses-40-ans-13.pdf\" class=\"wp-block-file__button wp-element-button\" download aria-describedby=\"wp-block-file--media-5923aba6-88bb-46ef-a6a3-cf4a373c370c\">Download<\/a><\/div>\n\n\n\n<figure class=\"wp-block-image size-large\"><img loading=\"lazy\" decoding=\"async\" width=\"1024\" height=\"516\" src=\"http:\/\/www.tri-club-narbonne.fr\/wp-content\/uploads\/2024\/12\/Untitled-2-1024x516.png\" alt=\"\" class=\"wp-image-224\" srcset=\"https:\/\/www.tri-club-narbonne.fr\/wp-content\/uploads\/2024\/12\/Untitled-2-1024x516.png 1024w, https:\/\/www.tri-club-narbonne.fr\/wp-content\/uploads\/2024\/12\/Untitled-2-300x151.png 300w, https:\/\/www.tri-club-narbonne.fr\/wp-content\/uploads\/2024\/12\/Untitled-2-768x387.png 768w, https:\/\/www.tri-club-narbonne.fr\/wp-content\/uploads\/2024\/12\/Untitled-2.png 1041w\" sizes=\"auto, (max-width: 1024px) 100vw, 1024px\" \/><\/figure>\n\n\n\n<figure class=\"wp-block-image size-full\"><img loading=\"lazy\" decoding=\"async\" width=\"398\" height=\"88\" src=\"https:\/\/www.tri-club-narbonne.fr\/wp-content\/uploads\/2025\/03\/image-2.png\" alt=\"\" class=\"wp-image-259\" srcset=\"https:\/\/www.tri-club-narbonne.fr\/wp-content\/uploads\/2025\/03\/image-2.png 398w, https:\/\/www.tri-club-narbonne.fr\/wp-content\/uploads\/2025\/03\/image-2-300x66.png 300w\" sizes=\"auto, (max-width: 398px) 100vw, 398px\" \/><\/figure>\n\n\n\n<p class=\"has-black-color has-text-color has-link-color wp-elements-6ed9b6d4cf0fcf072eaf612bf5d9a0ed\">Aidez-nous en participant \u00e0 la cagnotte en connectant votre carte Decathlon au club ! <br>Pendant que vous gagnez des points sur votre compte fid\u00e9lit\u00e9, le club b\u00e9n\u00e9ficie \u00e9galement d&#8217;une cagnotte pour acheter du mat\u00e9riel et de l&#8217;\u00e9quipement. <br>Cette cagnote est r\u00e9investie \u00e0 destination des membres. <\/p>\n\n\n\n<p class=\"has-black-color has-text-color has-link-color wp-elements-16cd1521bf328d462b90de06e534f133\">Il vous suffit de scanner le QR code ci-bas<\/p>\n\n\n\n<figure class=\"wp-block-image size-full\"><img loading=\"lazy\" decoding=\"async\" width=\"253\" height=\"257\" src=\"https:\/\/www.tri-club-narbonne.fr\/wp-content\/uploads\/2025\/03\/image-3.png\" alt=\"\" class=\"wp-image-260\"\/><\/figure>\n\n\n\n<p><br>Le partenariat avec Decathlon Narbonne nous permet aussi d&#8217;avoir des tarifs pr\u00e9f\u00e9rentiels sur la plateforme Pro. Des campagnes d&#8217;achats group\u00e9s seront propos\u00e9s en cours d&#8217;ann\u00e9e<\/p>\n\n\n\n<p><\/p>\n\n\n\n<p><\/p>\n","protected":false},"excerpt":{"rendered":"<p>Aidez-nous en participant \u00e0 la cagnotte en connectant votre carte Decathlon au club ! Pendant que vous gagnez des points sur votre compte fid\u00e9lit\u00e9, le club b\u00e9n\u00e9ficie \u00e9galement d&#8217;une cagnotte pour acheter du mat\u00e9riel et de l&#8217;\u00e9quipement. Cette cagnote est r\u00e9investie \u00e0 destination des membres. Il vous suffit de scanner le QR code ci-bas Le [&hellip;]<\/p>\n","protected":false},"author":1,"featured_media":0,"parent":0,"menu_order":0,"comment_status":"closed","ping_status":"closed","template":"","meta":{"footnotes":""},"class_list":["post-33","page","type-page","status-publish","hentry"],"_links":{"self":[{"href":"https:\/\/www.tri-club-narbonne.fr\/index.php\/wp-json\/wp\/v2\/pages\/33","targetHints":{"allow":["GET"]}}],"collection":[{"href":"https:\/\/www.tri-club-narbonne.fr\/index.php\/wp-json\/wp\/v2\/pages"}],"about":[{"href":"https:\/\/www.tri-club-narbonne.fr\/index.php\/wp-json\/wp\/v2\/types\/page"}],"author":[{"embeddable":true,"href":"https:\/\/www.tri-club-narbonne.fr\/index.php\/wp-json\/wp\/v2\/users\/1"}],"replies":[{"embeddable":true,"href":"https:\/\/www.tri-club-narbonne.fr\/index.php\/wp-json\/wp\/v2\/comments?post=33"}],"version-history":[{"count":16,"href":"https:\/\/www.tri-club-narbonne.fr\/index.php\/wp-json\/wp\/v2\/pages\/33\/revisions"}],"predecessor-version":[{"id":274,"href":"https:\/\/www.tri-club-narbonne.fr\/index.php\/wp-json\/wp\/v2\/pages\/33\/revisions\/274"}],"wp:attachment":[{"href":"https:\/\/www.tri-club-narbonne.fr\/index.php\/wp-json\/wp\/v2\/media?parent=33"}],"curies":[{"name":"wp","href":"https:\/\/api.w.org\/{rel}","templated":true}]}}