{"id":51,"date":"2022-08-21T09:45:47","date_gmt":"2022-08-21T07:45:47","guid":{"rendered":"http:\/\/www.tri-club-narbonne.fr\/?page_id=51"},"modified":"2025-03-12T09:28:17","modified_gmt":"2025-03-12T08:28:17","slug":"historique-du-club","status":"publish","type":"page","link":"https:\/\/www.tri-club-narbonne.fr\/index.php\/historique-du-club\/","title":{"rendered":"PRESENTATION DU CLUB"},"content":{"rendered":"\n<p><\/p>\n\n\n\n<p>Le Triathl\u00e8te Club Narbonnais (TCN) est un club de triathlon\u00a0affili\u00e9\u00a0\u00e0 la F\u00e9d\u00e9ration Fran\u00e7aise de Triathlon (FFTRI). <br>Depuis 40 ans,\u00a0nous\u00a0\u0153uvrons \u00e0\u00a0promouvoir le triathlon au travers de nos membres\u00a0qui portent haut les couleurs du club, celles de Narbonne et celles de nos partenaires.\u00a0<\/p>\n\n\n\n<p><\/p>\n\n\n\n<p>La convivialit\u00e9 et l\u2019\u00e9panouissement par\u00a0le sport sont au centre de\u00a0nos\u00a0pr\u00e9occupations.\u00a0Pour ce\u00a0faire, nous accueillons\u00a0tous les publics\u00a0: Jeunes, Sant\u00e9, d\u00e9butants, en pratique loisir ou comp\u00e9titive.\u00a0<\/p>\n\n\n\n<p>Nos\u00a0entra\u00eeneurs\u00a0dipl\u00f4m\u00e9s et exp\u00e9riment\u00e9s\u00a0contribuent chaque semaine \u00e0 faire vivre\u00a0les\u00a0s\u00e9ances de course \u00e0 pied, natation et v\u00e9lo.\u00a0Ainsi\u00a0toutes et tous \u2013 du\u00a0d\u00e9butant\u00a0au pr\u00e9tendant aux\u00a0championnats du monde &#8211;\u00a0trouvent leur \u00e9quilibre\u00a0dans leur pratique sportive.<\/p>\n\n\n\n<p><\/p>\n\n\n\n<p>Chaque ann\u00e9e, on retrouve des TCN aux quatre coins de la France sur les courses qui les font r\u00eaver, du XS au XXL. <\/p>\n\n\n\n<p>En outre,\u00a0depuis quelques ann\u00e9es, le club est fier de participer au Grand Prix r\u00e9gional D3,\u00a0pla\u00e7ant ainsi Narbonne parmi les 10 villes d\u2019Occitanie en capacit\u00e9 de pr\u00e9senter des \u00e9quipes f\u00e9minine et masculine tant en triathlon qu&#8217;en duathlon.<\/p>\n\n\n\n<p>N\u2019h\u00e9sitez pas \u00e0 nous rejoindre !<\/p>\n\n\n\n<p><\/p>\n","protected":false},"excerpt":{"rendered":"<p>Le Triathl\u00e8te Club Narbonnais (TCN) est un club de triathlon\u00a0affili\u00e9\u00a0\u00e0 la F\u00e9d\u00e9ration Fran\u00e7aise de Triathlon (FFTRI). Depuis 40 ans,\u00a0nous\u00a0\u0153uvrons \u00e0\u00a0promouvoir le triathlon au travers de nos membres\u00a0qui portent haut les couleurs du club, celles de Narbonne et celles de nos partenaires.\u00a0 La convivialit\u00e9 et l\u2019\u00e9panouissement par\u00a0le sport sont au centre de\u00a0nos\u00a0pr\u00e9occupations.\u00a0Pour ce\u00a0faire, nous accueillons\u00a0tous les [&hellip;]<\/p>\n","protected":false},"author":1,"featured_media":0,"parent":0,"menu_order":0,"comment_status":"closed","ping_status":"closed","template":"","meta":{"footnotes":""},"class_list":["post-51","page","type-page","status-publish","hentry"],"_links":{"self":[{"href":"https:\/\/www.tri-club-narbonne.fr\/index.php\/wp-json\/wp\/v2\/pages\/51","targetHints":{"allow":["GET"]}}],"collection":[{"href":"https:\/\/www.tri-club-narbonne.fr\/index.php\/wp-json\/wp\/v2\/pages"}],"about":[{"href":"https:\/\/www.tri-club-narbonne.fr\/index.php\/wp-json\/wp\/v2\/types\/page"}],"author":[{"embeddable":true,"href":"https:\/\/www.tri-club-narbonne.fr\/index.php\/wp-json\/wp\/v2\/users\/1"}],"replies":[{"embeddable":true,"href":"https:\/\/www.tri-club-narbonne.fr\/index.php\/wp-json\/wp\/v2\/comments?post=51"}],"version-history":[{"count":5,"href":"https:\/\/www.tri-club-narbonne.fr\/index.php\/wp-json\/wp\/v2\/pages\/51\/revisions"}],"predecessor-version":[{"id":252,"href":"https:\/\/www.tri-club-narbonne.fr\/index.php\/wp-json\/wp\/v2\/pages\/51\/revisions\/252"}],"wp:attachment":[{"href":"https:\/\/www.tri-club-narbonne.fr\/index.php\/wp-json\/wp\/v2\/media?parent=51"}],"curies":[{"name":"wp","href":"https:\/\/api.w.org\/{rel}","templated":true}]}}